{"id":7615,"date":"2020-11-06T14:10:36","date_gmt":"2020-11-06T13:10:36","guid":{"rendered":"https:\/\/the7.io\/elementor-main\/?page_id=7615"},"modified":"2025-04-07T22:09:35","modified_gmt":"2025-04-07T20:09:35","slug":"leistungen","status":"publish","type":"page","link":"https:\/\/miko-pestka.com\/?page_id=7615","title":{"rendered":"Leistungen"},"content":{"rendered":"\t\t<div data-elementor-type=\"wp-page\" data-elementor-id=\"7615\" class=\"elementor elementor-7615\">\n\t\t\t\t<div class=\"elementor-element elementor-element-4657593 e-flex e-con-boxed gs-locked-section-no e-con e-parent\" data-id=\"4657593\" data-element_type=\"container\">\n\t\t\t\t\t<div class=\"e-con-inner\">\n\t\t\t\t<div class=\"elementor-element elementor-element-22a1f01 elementor-widget elementor-widget-heading\" data-id=\"22a1f01\" data-element_type=\"widget\" data-widget_type=\"heading.default\">\n\t\t\t\t<div class=\"elementor-widget-container\">\n\t\t\t\t\t<h2 class=\"elementor-heading-title elementor-size-default\">Leistungen<\/h2>\t\t\t\t<\/div>\n\t\t\t\t<\/div>\n\t\t\t\t<div class=\"elementor-element elementor-element-a9c2393 elementor-widget elementor-widget-text-editor\" data-id=\"a9c2393\" data-element_type=\"widget\" data-widget_type=\"text-editor.default\">\n\t\t\t\t<div class=\"elementor-widget-container\">\n\t\t\t\t\t\t\t\t\t<p><strong>Architektur- und Ingenieurdienstleistungen nach HOAI<\/strong><\/p><p>Als erfahrener Anbieter im Bereich Architektur und Bauingenieurwesen bieten wir umfassende Leistungen gem\u00e4\u00df der Honorarordnung f\u00fcr Architekten und Ingenieure (HOAI) an. Unser Leistungsspektrum umfasst alle Phasen der HOAI, von der Grundlagenermittlung \u00fcber die Entwurfs- und Genehmigungsplanung bis hin zur Objekt\u00fcberwachung und Dokumentation.<\/p><p>Mit einem starken Fokus auf Qualit\u00e4t, Nachhaltigkeit und Kundenzufriedenheit begleiten wir Ihre Bauprojekte von der ersten Idee bis zur Fertigstellung. Dabei legen wir gro\u00dfen Wert auf eine enge Zusammenarbeit mit unseren Auftraggebern, um ma\u00dfgeschneiderte L\u00f6sungen zu entwickeln, die sowohl funktional als auch \u00e4sthetisch \u00fcberzeugen.<\/p>\t\t\t\t\t\t\t\t<\/div>\n\t\t\t\t<\/div>\n\t\t\t\t\t<\/div>\n\t\t\t\t<\/div>\n\t\t<div class=\"elementor-element elementor-element-a33abef e-flex e-con-boxed gs-locked-section-no e-con e-parent\" data-id=\"a33abef\" data-element_type=\"container\">\n\t\t\t\t\t<div class=\"e-con-inner\">\n\t\t\t\t<div class=\"elementor-element elementor-element-88ab367 elementor-widget elementor-widget-text-editor\" data-id=\"88ab367\" data-element_type=\"widget\" data-widget_type=\"text-editor.default\">\n\t\t\t\t<div class=\"elementor-widget-container\">\n\t\t\t\t\t\t\t\t\t<p>Unsere besonderen St\u00e4rken liegen in folgenden Bereichen:<\/p><ol><li><p><strong>Kreativit\u00e4t und Innovation<\/strong>: Wir entwickeln einzigartige und kreative Entw\u00fcrfe, die sowohl \u00e4sthetisch ansprechend als auch funktional sind. Dabei setzen wir auf innovative L\u00f6sungen, um den individuellen Bed\u00fcrfnisse unserer Kunden gerecht zu werden.<\/p><\/li><li><p><strong>Nachhaltigkeit<\/strong>: Wir legen gro\u00dfen Wert auf umweltfreundliches Bauen und die Verwendung nachhaltiger Materialien. Unser Ziel ist es, Geb\u00e4ude zu schaffen, die nicht nur heute, sondern auch in Zukunft Bestand haben und die Umwelt schonen.<\/p><\/li><li><p><strong>Detailgenauigkeit<\/strong>: Pr\u00e4zision und Sorgfalt sind f\u00fcr uns essenziell. Wir achten auf jedes Detail, um sicherzustellen, dass die Ausf\u00fchrung unserer Projekte einen hohen Qualit\u00e4tsstandard entspricht.<\/p><\/li><li><p><strong>Kundenorientierung<\/strong>: Eine enge Zusammenarbeit mit unseren Kunden ist uns sehr wichtig. Wir h\u00f6ren aufmerksam zu und integrieren ihre W\u00fcnsche und Vorstellungen in unsere Planungen, um ma\u00dfgeschneiderte L\u00f6sungen zu entwickeln.<\/p><\/li><li><p><strong>Technisches Know-how<\/strong>: Mit umfassendem Wissen in den Bereichen Bauingenieurwesen und modernster Bautechnologien k\u00f6nnen wir komplexe Projekte effizient und erfolgreich umsetzen.<\/p><\/li><\/ol>\t\t\t\t\t\t\t\t<\/div>\n\t\t\t\t<\/div>\n\t\t\t\t\t<\/div>\n\t\t\t\t<\/div>\n\t\t<div class=\"elementor-element elementor-element-61359c6 e-flex e-con-boxed gs-locked-section-no e-con e-parent\" data-id=\"61359c6\" data-element_type=\"container\">\n\t\t\t\t\t<div class=\"e-con-inner\">\n\t\t\t\t<div class=\"elementor-element elementor-element-e850de2 elementor-widget elementor-widget-video\" data-id=\"e850de2\" data-element_type=\"widget\" data-settings=\"{&quot;video_type&quot;:&quot;hosted&quot;,&quot;controls&quot;:&quot;yes&quot;}\" data-widget_type=\"video.default\">\n\t\t\t\t<div class=\"elementor-widget-container\">\n\t\t\t\t\t\t\t<div class=\"e-hosted-video elementor-wrapper elementor-open-inline\">\n\t\t\t\t\t<video class=\"elementor-video\" src=\"https:\/\/miko-pestka.com\/wp-content\/uploads\/2025\/04\/ElevenLabs_2025-04-07T19_10_16_Michael_pre_sp100_s75_sb75_se0_b_m2.mp3\" controls=\"\" preload=\"metadata\" controlsList=\"nodownload\"><\/video>\n\t\t\t\t<\/div>\n\t\t\t\t\t\t<\/div>\n\t\t\t\t<\/div>\n\t\t\t\t\t<\/div>\n\t\t\t\t<\/div>\n\t\t\t\t<\/div>\n\t\t","protected":false},"excerpt":{"rendered":"<p>Leistungen Architektur- und Ingenieurdienstleistungen nach HOAI Als erfahrener Anbieter im Bereich Architektur und Bauingenieurwesen bieten wir umfassende Leistungen gem\u00e4\u00df der Honorarordnung f\u00fcr Architekten&#8230;<\/p>\n","protected":false},"author":1,"featured_media":0,"parent":0,"menu_order":40,"comment_status":"closed","ping_status":"closed","template":"","meta":{"_acf_changed":false,"_monsterinsights_skip_tracking":false,"_monsterinsights_sitenote_active":false,"_monsterinsights_sitenote_note":"","_monsterinsights_sitenote_category":0,"footnotes":""},"class_list":["post-7615","page","type-page","status-publish","hentry"],"acf":[],"aioseo_notices":[],"_links":{"self":[{"href":"https:\/\/miko-pestka.com\/index.php?rest_route=\/wp\/v2\/pages\/7615","targetHints":{"allow":["GET"]}}],"collection":[{"href":"https:\/\/miko-pestka.com\/index.php?rest_route=\/wp\/v2\/pages"}],"about":[{"href":"https:\/\/miko-pestka.com\/index.php?rest_route=\/wp\/v2\/types\/page"}],"author":[{"embeddable":true,"href":"https:\/\/miko-pestka.com\/index.php?rest_route=\/wp\/v2\/users\/1"}],"replies":[{"embeddable":true,"href":"https:\/\/miko-pestka.com\/index.php?rest_route=%2Fwp%2Fv2%2Fcomments&post=7615"}],"version-history":[{"count":68,"href":"https:\/\/miko-pestka.com\/index.php?rest_route=\/wp\/v2\/pages\/7615\/revisions"}],"predecessor-version":[{"id":49894,"href":"https:\/\/miko-pestka.com\/index.php?rest_route=\/wp\/v2\/pages\/7615\/revisions\/49894"}],"wp:attachment":[{"href":"https:\/\/miko-pestka.com\/index.php?rest_route=%2Fwp%2Fv2%2Fmedia&parent=7615"}],"curies":[{"name":"wp","href":"https:\/\/api.w.org\/{rel}","templated":true}]}}